{"id":5,"date":"2018-10-03T11:52:12","date_gmt":"2018-10-03T11:52:12","guid":{"rendered":"http:\/\/rozweseleni.pl\/?page_id=5"},"modified":"2018-10-08T16:49:38","modified_gmt":"2018-10-08T16:49:38","slug":"rozweseleni-pl","status":"publish","type":"page","link":"http:\/\/rozweseleni.pl\/","title":{"rendered":""},"content":{"rendered":"<p><a href=\"http:\/\/rozweseleni.pl\/\"><img loading=\"lazy\" class=\"wp-image-16 size-full aligncenter\" src=\"http:\/\/rozweseleni.pl\/wp-content\/uploads\/2018\/10\/logo.png\" alt=\"\" width=\"700\" height=\"233\" \/><\/a><\/p>\n<table style=\"border: 0px solid white; border-collapse: collapse;\" border=\"0\" cellspacing=\"0\" cellpadding=\"0\">\n<tr style=\"border: 0px\">\n<td style=\"border: 0px\"><img class=\"alignnone size-full wp-image-38\" src=\"http:\/\/rozweseleni.pl\/wp-content\/uploads\/2018\/10\/img1.png\" alt=\"\" width=\"400\" srcset=\"http:\/\/rozweseleni.pl\/wp-content\/uploads\/2018\/10\/img1.png 500w, http:\/\/rozweseleni.pl\/wp-content\/uploads\/2018\/10\/img1-300x200.png 300w\" sizes=\"(max-width: 500px) 85vw, 500px\" \/><\/td>\n<td style=\"border: 0px\"><img class=\"alignnone size-full wp-image-38\" src=\"http:\/\/rozweseleni.pl\/wp-content\/uploads\/2018\/10\/img2.png\" alt=\"\" width=\"400\" \/><\/td>\n<td style=\"border: 0px\"><img class=\"alignnone size-full wp-image-38\" src=\"http:\/\/rozweseleni.pl\/wp-content\/uploads\/2018\/10\/img3.png\" alt=\"\" width=\"400\" \/><\/td>\n<\/tr>\n<tr>\n<td style=\"border: 0px; text-align: center; font-weight: bold; padding-top:30px; padding-bottom:30px;\">Taniec w chmurach<\/td>\n<td style=\"border: 0px; text-align: center; font-weight: bold; padding-top:30px; padding-bottom:30px;\">Foto Budka<\/td>\n<td style=\"border: 0px; text-align: center; font-weight: bold; padding-top:30px; padding-bottom:30px;\">\u015awiec\u0105cy napis LOVE<\/td>\n<\/tr>\n<tr>\n<td colspan=\"3\" style=\"border: 0px; text-align:center; background-color: #EFAA3B; height: 40px; color: white; font-weight: bold;\">\nona@rozweseleni.pl &nbsp;&nbsp;&nbsp;&nbsp;&nbsp;\/&nbsp;&nbsp;&nbsp;&nbsp;&nbsp; tel. 664 499 055 &nbsp;&nbsp;&nbsp;&nbsp;&nbsp;\/&nbsp;&nbsp;&nbsp;&nbsp;&nbsp; FB: rozweseleni.pl\n<\/td>\n<\/tr>\n<tr>\n<td colspan=\"3\" style=\"border: 0px; text-align:center; font-size: 80%; padding-top:20px;\">\nus\u0142ugi \u015blubne &#8211; dekoracja sal weselnych &#8211; o\u015bwietlenie &#8211; fontanny pirotechniczne &#8211; fotobudka &#8211; du\u017cy napis love &#8211; ci\u0119\u017cki dym &#8211; atrakcje weselne &#8211; \u015bluby &#8211; imprezy okoliczno\u015bciowe &#8211; osiemnastki &#8211; imprezy firmowe &#8211; przyj\u0119cia &#8211; kielce &#8211; \u015bwi\u0119tokrzyskie<\/td>\n<\/tr>\n<\/table>\n","protected":false},"excerpt":{"rendered":"<p>Taniec w chmurach Foto Budka \u015awiec\u0105cy napis LOVE ona@rozweseleni.pl &nbsp;&nbsp;&nbsp;&nbsp;&nbsp;\/&nbsp;&nbsp;&nbsp;&nbsp;&nbsp; tel. 664 499 055 &nbsp;&nbsp;&nbsp;&nbsp;&nbsp;\/&nbsp;&nbsp;&nbsp;&nbsp;&nbsp; FB: rozweseleni.pl us\u0142ugi \u015blubne &#8211; dekoracja sal weselnych &#8211; o\u015bwietlenie &#8211; fontanny pirotechniczne &#8211; fotobudka &#8211; du\u017cy napis love &#8211; ci\u0119\u017cki dym &#8211; atrakcje weselne &#8211; \u015bluby &#8211; imprezy okoliczno\u015bciowe &#8211; osiemnastki &#8211; imprezy firmowe &#8211; przyj\u0119cia &#8211; kielce &#8211; &hellip; <a href=\"http:\/\/rozweseleni.pl\/\" class=\"more-link\">Czytaj dalej<span class=\"screen-reader-text\"> <\/span><\/a><\/p>\n","protected":false},"author":1,"featured_media":0,"parent":0,"menu_order":0,"comment_status":"closed","ping_status":"closed","template":"","meta":[],"_links":{"self":[{"href":"http:\/\/rozweseleni.pl\/index.php?rest_route=\/wp\/v2\/pages\/5"}],"collection":[{"href":"http:\/\/rozweseleni.pl\/index.php?rest_route=\/wp\/v2\/pages"}],"about":[{"href":"http:\/\/rozweseleni.pl\/index.php?rest_route=\/wp\/v2\/types\/page"}],"author":[{"embeddable":true,"href":"http:\/\/rozweseleni.pl\/index.php?rest_route=\/wp\/v2\/users\/1"}],"replies":[{"embeddable":true,"href":"http:\/\/rozweseleni.pl\/index.php?rest_route=%2Fwp%2Fv2%2Fcomments&post=5"}],"version-history":[{"count":38,"href":"http:\/\/rozweseleni.pl\/index.php?rest_route=\/wp\/v2\/pages\/5\/revisions"}],"predecessor-version":[{"id":71,"href":"http:\/\/rozweseleni.pl\/index.php?rest_route=\/wp\/v2\/pages\/5\/revisions\/71"}],"wp:attachment":[{"href":"http:\/\/rozweseleni.pl\/index.php?rest_route=%2Fwp%2Fv2%2Fmedia&parent=5"}],"curies":[{"name":"wp","href":"https:\/\/api.w.org\/{rel}","templated":true}]}}